{"id":22,"date":"2025-02-25T22:25:18","date_gmt":"2025-02-25T22:25:18","guid":{"rendered":"http:\/\/kardiologbrzesko.pl\/?page_id=22"},"modified":"2025-05-10T11:43:58","modified_gmt":"2025-05-10T11:43:58","slug":"uslugi","status":"publish","type":"page","link":"https:\/\/kardiologbrzesko.pl\/index.php\/uslugi\/","title":{"rendered":"Zakres us\u0142ug"},"content":{"rendered":"\n<blockquote class=\"wp-block-quote is-layout-flow wp-block-quote-is-layout-flow\">\n<p><mark style=\"background-color:rgba(0, 0, 0, 0)\" class=\"has-inline-color has-secondary-color\"><strong>ZAKRES US\u0141UG<\/strong><\/mark><\/p>\n<\/blockquote>\n\n\n\n<p><br>W gabinecie wykonujemy nast\u0119puj\u0105ce badania diagnostyczne:<\/p>\n\n\n\n<ul class=\"wp-block-list\">\n<li>Echo serca (USG serca)<\/li>\n\n\n\n<li>EKG spoczynkowe z analiz\u0105 komputerow\u0105<\/li>\n\n\n\n<li>Holter EKG \u2013 24-godzinne monitorowanie rytmu serca<\/li>\n\n\n\n<li>Holter ci\u015bnieniowy (RR) \u2013 ca\u0142odobowe monitorowanie ci\u015bnienia t\u0119tniczego<\/li>\n\n\n\n<li>Pr\u00f3ba wysi\u0142kowa (test na bie\u017cni)<\/li>\n\n\n\n<li>USG jamy brzusznej<\/li>\n<\/ul>\n\n\n\n<p>Diagnostyka obejmuje m.in.:<\/p>\n\n\n\n<ul class=\"wp-block-list\">\n<li>chorob\u0119 niedokrwienn\u0105 serca<\/li>\n\n\n\n<li>nadci\u015bnienie t\u0119tnicze<\/li>\n\n\n\n<li>zaburzenia rytmu serca<\/li>\n\n\n\n<li>inne choroby uk\u0142adu kr\u0105\u017cenia<\/li>\n<\/ul>\n","protected":false},"excerpt":{"rendered":"<p>ZAKRES US\u0141UG W gabinecie wykonujemy nast\u0119puj\u0105ce badania diagnostyczne: Diagnostyka obejmuje m.in.:<\/p>\n","protected":false},"author":1,"featured_media":0,"parent":0,"menu_order":0,"comment_status":"closed","ping_status":"closed","template":"","meta":{"footnotes":""},"class_list":["post-22","page","type-page","status-publish","hentry"],"_links":{"self":[{"href":"https:\/\/kardiologbrzesko.pl\/index.php\/wp-json\/wp\/v2\/pages\/22","targetHints":{"allow":["GET"]}}],"collection":[{"href":"https:\/\/kardiologbrzesko.pl\/index.php\/wp-json\/wp\/v2\/pages"}],"about":[{"href":"https:\/\/kardiologbrzesko.pl\/index.php\/wp-json\/wp\/v2\/types\/page"}],"author":[{"embeddable":true,"href":"https:\/\/kardiologbrzesko.pl\/index.php\/wp-json\/wp\/v2\/users\/1"}],"replies":[{"embeddable":true,"href":"https:\/\/kardiologbrzesko.pl\/index.php\/wp-json\/wp\/v2\/comments?post=22"}],"version-history":[{"count":6,"href":"https:\/\/kardiologbrzesko.pl\/index.php\/wp-json\/wp\/v2\/pages\/22\/revisions"}],"predecessor-version":[{"id":92,"href":"https:\/\/kardiologbrzesko.pl\/index.php\/wp-json\/wp\/v2\/pages\/22\/revisions\/92"}],"wp:attachment":[{"href":"https:\/\/kardiologbrzesko.pl\/index.php\/wp-json\/wp\/v2\/media?parent=22"}],"curies":[{"name":"wp","href":"https:\/\/api.w.org\/{rel}","templated":true}]}}